{"id":3584,"date":"2018-11-22T15:48:50","date_gmt":"2018-11-22T15:48:50","guid":{"rendered":"http:\/\/gaertnerei-loewenzahn.de\/?page_id=3584"},"modified":"2021-10-26T12:13:59","modified_gmt":"2021-10-26T12:13:59","slug":"gaertnerei-gartenbau-gartendeko","status":"publish","type":"page","link":"https:\/\/gaertnerei-loewenzahn.de\/","title":{"rendered":"G\u00e4rtnerei, Gartenbau, Gartendeko"},"content":{"rendered":"\n<div class=\"ueber-uns-startseite\">\n<h1>G\u00e4rtnerei, Gartenbau, Gartendeko<\/h1>\n<p>F&uuml;r die Bereich G\u00e4rtnerei, Gartenbau, Gartendeko gibt es f&uuml;r Sie nur einen Ansprechpartner in Regensburg!<\/p>\n<h3>G\u00e4rtnerei<\/h3>\n<p>Die G&auml;rtnerei L&ouml;wenzahn bietet ihren Kunden im Grossraum Regensburg alles, was sie f&uuml;r einen sch&ouml;nen Garten oder ein sch&ouml;nes Eigenheim brauchen. Seien es Pflanzen, Gew&auml;chse oder B&auml;me.<\/p>\n<h3>Gartenbau<\/h3>\n<p>Rund ums Thema Gartenbau finden unsere Kunden in unserer G&auml;rtnerei alles, was sie brauchen. Egal ob bestimmte Steinsorten, grobe oder feine Glassteine, Abtrennw&auml;nde, Kr&auml;uterspiralen und vieles mehr. Auch helfen wir gerne bei Projektarbeiten rund um den Garten &#8211; inklusive kompletter Gartenrenovierungen.<\/p>\n<h3>Gartendeko<\/h3>\n<p>Wollten Sie schon immer mal einen Elefanten im Garten haben, viel eher als in Ihrem Porzellanladen? Sie sind bei uns richtig, da wir viele verschiedene Gartendeko-Artikel in unserem Sortiment haben. Sei es aus chinesischem Granit und zahlreichen anderen Materialien. Sprechen Sie uns an!<\/p>\n<h2>Fragen zum Thema G\u00e4rtnerei, Gartenbau, Gartendeko?<\/h2>\n<p>Nehmen Sie einfach Kontakt zu uns auf \u00fcber unser <\/p>\n\n","protected":false},"excerpt":{"rendered":"<p>G\u00e4rtnerei, Gartenbau, Gartendeko F&uuml;r die Bereich G\u00e4rtnerei, Gartenbau, Gartendeko gibt es f&uuml;r Sie nur einen Ansprechpartner in Regensburg! G\u00e4rtnerei Die G&auml;rtnerei L&ouml;wenzahn bietet ihren Kunden im Grossraum Regensburg alles, was sie f&uuml;r einen sch&ouml;nen Garten oder ein sch&ouml;nes Eigenheim brauchen. Seien es Pflanzen, Gew&auml;chse oder B&auml;me. Gartenbau Rund ums Thema Gartenbau finden unsere Kunden in unserer G&auml;rtnerei alles, was sie brauchen. Egal ob bestimmte Steinsorten, grobe oder feine Glassteine, Abtrennw&auml;nde, Kr&auml;uterspiralen und vieles mehr. Auch helfen wir gerne bei Projektarbeiten&hellip;<\/p>\n","protected":false},"author":1,"featured_media":0,"parent":0,"menu_order":0,"comment_status":"closed","ping_status":"closed","template":"","meta":{"ngg_post_thumbnail":0,"footnotes":""},"class_list":["post-3584","page","type-page","status-publish","hentry"],"yoast_head":"<!-- This site is optimized with the Yoast SEO plugin v26.9 - https:\/\/yoast.com\/product\/yoast-seo-wordpress\/ -->\n<title>G\u00e4rtnerei Gartenbau Gartendeko - G\u00e4rtnerei L\u00f6wenzahn<\/title>\n<meta name=\"description\" content=\"Wir sind Ansprechpartner f\u00fcr die Bereiche G\u00e4rtnerei, Gartenbau, Gartendeko, Lanschaftsbau. Besuchen Sie uns Online oder direkt im Laden!\" \/>\n<meta name=\"robots\" content=\"index, follow, max-snippet:-1, max-image-preview:large, max-video-preview:-1\" \/>\n<link rel=\"canonical\" href=\"https:\/\/gaertnerei-loewenzahn.de\/\" \/>\n<meta property=\"og:locale\" content=\"en_US\" \/>\n<meta property=\"og:type\" content=\"article\" \/>\n<meta property=\"og:title\" content=\"G\u00e4rtnerei Gartenbau Gartendeko - G\u00e4rtnerei L\u00f6wenzahn\" \/>\n<meta property=\"og:description\" content=\"Wir sind Ansprechpartner f\u00fcr die Bereiche G\u00e4rtnerei, Gartenbau, Gartendeko, Lanschaftsbau. Besuchen Sie uns Online oder direkt im Laden!\" \/>\n<meta property=\"og:url\" content=\"https:\/\/gaertnerei-loewenzahn.de\/\" \/>\n<meta property=\"og:site_name\" content=\"G\u00e4rtnerei L\u00f6wenzahn\" \/>\n<meta property=\"article:modified_time\" content=\"2021-10-26T12:13:59+00:00\" \/>\n<meta name=\"twitter:card\" content=\"summary_large_image\" \/>\n<meta name=\"twitter:label1\" content=\"Est. reading time\" \/>\n\t<meta name=\"twitter:data1\" content=\"1 minute\" \/>\n<script type=\"application\/ld+json\" class=\"yoast-schema-graph\">{\"@context\":\"https:\/\/schema.org\",\"@graph\":[{\"@type\":\"WebPage\",\"@id\":\"https:\/\/gaertnerei-loewenzahn.de\/\",\"url\":\"https:\/\/gaertnerei-loewenzahn.de\/\",\"name\":\"G\u00e4rtnerei Gartenbau Gartendeko - G\u00e4rtnerei L\u00f6wenzahn\",\"isPartOf\":{\"@id\":\"https:\/\/gaertnerei-loewenzahn.de\/#website\"},\"datePublished\":\"2018-11-22T15:48:50+00:00\",\"dateModified\":\"2021-10-26T12:13:59+00:00\",\"description\":\"Wir sind Ansprechpartner f\u00fcr die Bereiche G\u00e4rtnerei, Gartenbau, Gartendeko, Lanschaftsbau. Besuchen Sie uns Online oder direkt im Laden!\",\"breadcrumb\":{\"@id\":\"https:\/\/gaertnerei-loewenzahn.de\/#breadcrumb\"},\"inLanguage\":\"en-US\",\"potentialAction\":[{\"@type\":\"ReadAction\",\"target\":[\"https:\/\/gaertnerei-loewenzahn.de\/\"]}]},{\"@type\":\"BreadcrumbList\",\"@id\":\"https:\/\/gaertnerei-loewenzahn.de\/#breadcrumb\",\"itemListElement\":[{\"@type\":\"ListItem\",\"position\":1,\"name\":\"Home\",\"item\":\"https:\/\/gaertnerei-loewenzahn.de\/\"},{\"@type\":\"ListItem\",\"position\":2,\"name\":\"G\u00e4rtnerei, Gartenbau, Gartendeko\"}]},{\"@type\":\"WebSite\",\"@id\":\"https:\/\/gaertnerei-loewenzahn.de\/#website\",\"url\":\"https:\/\/gaertnerei-loewenzahn.de\/\",\"name\":\"G\u00e4rtnerei L\u00f6wenzahn\",\"description\":\"Ihr Ansprechpartner f\u00fcr Gartenbau.\",\"potentialAction\":[{\"@type\":\"SearchAction\",\"target\":{\"@type\":\"EntryPoint\",\"urlTemplate\":\"https:\/\/gaertnerei-loewenzahn.de\/?s={search_term_string}\"},\"query-input\":{\"@type\":\"PropertyValueSpecification\",\"valueRequired\":true,\"valueName\":\"search_term_string\"}}],\"inLanguage\":\"en-US\"}]}<\/script>\n<!-- \/ Yoast SEO plugin. -->","yoast_head_json":{"title":"G\u00e4rtnerei Gartenbau Gartendeko - G\u00e4rtnerei L\u00f6wenzahn","description":"Wir sind Ansprechpartner f\u00fcr die Bereiche G\u00e4rtnerei, Gartenbau, Gartendeko, Lanschaftsbau. Besuchen Sie uns Online oder direkt im Laden!","robots":{"index":"index","follow":"follow","max-snippet":"max-snippet:-1","max-image-preview":"max-image-preview:large","max-video-preview":"max-video-preview:-1"},"canonical":"https:\/\/gaertnerei-loewenzahn.de\/","og_locale":"en_US","og_type":"article","og_title":"G\u00e4rtnerei Gartenbau Gartendeko - G\u00e4rtnerei L\u00f6wenzahn","og_description":"Wir sind Ansprechpartner f\u00fcr die Bereiche G\u00e4rtnerei, Gartenbau, Gartendeko, Lanschaftsbau. Besuchen Sie uns Online oder direkt im Laden!","og_url":"https:\/\/gaertnerei-loewenzahn.de\/","og_site_name":"G\u00e4rtnerei L\u00f6wenzahn","article_modified_time":"2021-10-26T12:13:59+00:00","twitter_card":"summary_large_image","twitter_misc":{"Est. reading time":"1 minute"},"schema":{"@context":"https:\/\/schema.org","@graph":[{"@type":"WebPage","@id":"https:\/\/gaertnerei-loewenzahn.de\/","url":"https:\/\/gaertnerei-loewenzahn.de\/","name":"G\u00e4rtnerei Gartenbau Gartendeko - G\u00e4rtnerei L\u00f6wenzahn","isPartOf":{"@id":"https:\/\/gaertnerei-loewenzahn.de\/#website"},"datePublished":"2018-11-22T15:48:50+00:00","dateModified":"2021-10-26T12:13:59+00:00","description":"Wir sind Ansprechpartner f\u00fcr die Bereiche G\u00e4rtnerei, Gartenbau, Gartendeko, Lanschaftsbau. Besuchen Sie uns Online oder direkt im Laden!","breadcrumb":{"@id":"https:\/\/gaertnerei-loewenzahn.de\/#breadcrumb"},"inLanguage":"en-US","potentialAction":[{"@type":"ReadAction","target":["https:\/\/gaertnerei-loewenzahn.de\/"]}]},{"@type":"BreadcrumbList","@id":"https:\/\/gaertnerei-loewenzahn.de\/#breadcrumb","itemListElement":[{"@type":"ListItem","position":1,"name":"Home","item":"https:\/\/gaertnerei-loewenzahn.de\/"},{"@type":"ListItem","position":2,"name":"G\u00e4rtnerei, Gartenbau, Gartendeko"}]},{"@type":"WebSite","@id":"https:\/\/gaertnerei-loewenzahn.de\/#website","url":"https:\/\/gaertnerei-loewenzahn.de\/","name":"G\u00e4rtnerei L\u00f6wenzahn","description":"Ihr Ansprechpartner f\u00fcr Gartenbau.","potentialAction":[{"@type":"SearchAction","target":{"@type":"EntryPoint","urlTemplate":"https:\/\/gaertnerei-loewenzahn.de\/?s={search_term_string}"},"query-input":{"@type":"PropertyValueSpecification","valueRequired":true,"valueName":"search_term_string"}}],"inLanguage":"en-US"}]}},"_links":{"self":[{"href":"https:\/\/gaertnerei-loewenzahn.de\/index.php\/wp-json\/wp\/v2\/pages\/3584","targetHints":{"allow":["GET"]}}],"collection":[{"href":"https:\/\/gaertnerei-loewenzahn.de\/index.php\/wp-json\/wp\/v2\/pages"}],"about":[{"href":"https:\/\/gaertnerei-loewenzahn.de\/index.php\/wp-json\/wp\/v2\/types\/page"}],"author":[{"embeddable":true,"href":"https:\/\/gaertnerei-loewenzahn.de\/index.php\/wp-json\/wp\/v2\/users\/1"}],"replies":[{"embeddable":true,"href":"https:\/\/gaertnerei-loewenzahn.de\/index.php\/wp-json\/wp\/v2\/comments?post=3584"}],"version-history":[{"count":4,"href":"https:\/\/gaertnerei-loewenzahn.de\/index.php\/wp-json\/wp\/v2\/pages\/3584\/revisions"}],"predecessor-version":[{"id":3817,"href":"https:\/\/gaertnerei-loewenzahn.de\/index.php\/wp-json\/wp\/v2\/pages\/3584\/revisions\/3817"}],"wp:attachment":[{"href":"https:\/\/gaertnerei-loewenzahn.de\/index.php\/wp-json\/wp\/v2\/media?parent=3584"}],"curies":[{"name":"wp","href":"https:\/\/api.w.org\/{rel}","templated":true}]}}